{"id":4541,"date":"2025-06-21T20:41:02","date_gmt":"2025-06-21T18:41:02","guid":{"rendered":"https:\/\/ecoledelamusique.fr\/?page_id=4541"},"modified":"2025-07-27T10:55:57","modified_gmt":"2025-07-27T10:55:57","slug":"achat-de-1-cours-de-musique-45min","status":"publish","type":"page","link":"https:\/\/ecoledelamusique.fr\/en\/achat-de-1-cours-de-musique-45min\/","title":{"rendered":"BUY ONE MUSIC LESSON 30 MINUTES"},"content":{"rendered":"<div class=\"wp-block-surecart-checkout-form\"><sc-checkout\n\tclass=\"checkout\"\n\tid=\"sc-checkout-4832\"\n\tstyle=\"text-align: left;--sc-form-row-spacing: 25px;\"\n\tmodified=\"2025-07-27 11:52:43\"\n\talignment=\"\"\n\tsuccess-url=\"https:\/\/ecoledelamusique.fr\/remerciement\/\"\n>\n\t<sc-form>\n\t\t\t\t\t<sc-checkbox name=\"get_feedback\" value=\"Feedback\" style=\"display: none !important;\"><\/sc-checkbox>\n\t\t\t\t\n\n<div class=\"wp-block-surecart-columns is-full-height is-reversed-on-mobile has-background is-layout-flex wp-block-columns-is-layout-flex\" style=\"background-color:#f3f4f6\">\n<div class=\"wp-block-surecart-column is-layout-constrained is-horizontally-aligned-right has-white-background-color has-background\" style=\"padding-top:60px;padding-right:60px;padding-bottom:60px;padding-left:60px;--sc-column-content-width:450px;--sc-form-row-spacing:30px\">\n\n\n<sc-checkout-form-errors><\/sc-checkout-form-errors>\n\n\n\n\t\t<sc-customer-email\n\t\t\tclass=\"\"\n\t\t\tlabel=\"Email\"\n\t\t\tplaceholder=\"your@email.com\"\t\t\t\t\t\t\t\t\t\t\t\trequired\n\t\t\tautocomplete='email'\n\t\t\tinputmode='email'\n\t\t>\n\t\t<\/sc-customer-email>\n\n\t\t\n\n\n<sc-customer-name label=\"Name\" placeholder=\"Your Full Name\" required class=\"wp-block-surecart-name\"><\/sc-customer-name>\n\n\n\n\t\t<sc-payment\n\t\t\tid=\"sc-payment-0\"\n\t\t\tclass=\"\"\n\t\t>\n\t\t\t\t\t\t\t<sc-stripe-payment-element slot=\"stripe\"><\/sc-stripe-payment-element>\n\t\t\t\n\t\t\t\t\t<\/sc-payment>\n\t\t\n\n\t\t<sc-order-submit\n\t\t\ttype=\"primary\"\n\t\t\tfull=\"true\"\n\t\t\tsize=\"large\"\n\t\t\ticon=\"lock\"\t\t\tshow-total=\"true\"\n\t\t\tsecure-notice=\"true\"\n\t\t\tsecure-notice-text=\"Processus de paiement crypt\u00e9 et s\u00e9curis\u00e9.\"\n\t\t\t\t\t\t\t\t\tclass=\"wp-block-surecart-submit\"\n\t\t>Purchase<\/sc-order-submit>\n\t\t<\/div>\n\n\n\n<div class=\"wp-block-surecart-column is-sticky is-layout-constrained is-horizontally-aligned-left\" style=\"padding-top:60px;padding-right:60px;padding-bottom:60px;padding-left:60px;--sc-column-content-width:450px;--sc-form-row-spacing:30px\">\n<sc-order-summary collapsible=\"1\" order-summary-text=\"Summary\" invoice-summary-text=\"Invoice Summary\" collapsed-on-mobile=\"1\" class=\"wp-block-surecart-totals\">\n<sc-divider><\/sc-divider>\n\n\n\n<sc-line-items removable=\"1\" editable=\"1\" class=\"wp-block-surecart-line-items\"><\/sc-line-items>\n\n\n\n<sc-divider><\/sc-divider>\n\n\n\n<sc-line-item-total total=\"subtotal\" class=\"wp-block-surecart-subtotal\"><span slot=\"description\">Subtotal<\/span><span slot=\"total-payments-description\">Total Installment Payments<\/span><span slot=\"first-payment-subtotal-description\">Initial Payment<\/span><\/sc-line-item-total>\n\n\n<sc-line-item-trial class=\"wp-block-surecart-trial-line-item\" label=\"Trial\"><\/sc-line-item-trial>\n\n\t\t<sc-order-coupon-form\n\t\t\tlabel=\"\"\n\t\t\tplaceholder=\"Entrer le code de r\u00e9duction\"\n\t\t\tbutton-text=\"\"\n\t\t\tcollapsed>\n\t\t<\/sc-order-coupon-form>\n\t\t\n\n\n<sc-line-item-tax class=\"wp-block-surecart-tax-line-item\"><\/sc-line-item-tax>\n\n\n\n<sc-divider><\/sc-divider>\n\n\n\n<sc-line-item-total total=\"total\" size=\"large\" show-currency=\"1\" class=\"wp-block-surecart-total\"><span slot=\"title\">Total<\/span><span slot=\"subscription-title\">Total Due Today<\/span><span slot=\"first-payment-total-description\">Subtotal<\/span><span slot=\"free-trial-description\">Trial<\/span><span slot=\"due-amount-description\">Amount Due<\/span><\/sc-line-item-total>\n<\/sc-order-summary>\n<\/div>\n<\/div>\n\n\t<\/sc-form>\n<\/sc-checkout>\n<\/div>","protected":false},"excerpt":{"rendered":"","protected":false},"author":3,"featured_media":0,"parent":0,"menu_order":0,"comment_status":"closed","ping_status":"closed","template":"","meta":{"_surecart_dashboard_logo_width":"180px","_surecart_dashboard_show_logo":true,"_surecart_dashboard_navigation_orders":true,"_surecart_dashboard_navigation_invoices":true,"_surecart_dashboard_navigation_subscriptions":true,"_surecart_dashboard_navigation_downloads":true,"_surecart_dashboard_navigation_billing":true,"_surecart_dashboard_navigation_account":true,"_kad_post_transparent":"disable","_kad_post_title":"hide","_kad_post_layout":"","_kad_post_sidebar_id":"","_kad_post_content_style":"","_kad_post_vertical_padding":"","_kad_post_feature":"","_kad_post_feature_position":"","_kad_post_header":false,"_kad_post_footer":false,"footnotes":""},"class_list":["post-4541","page","type-page","status-publish","hentry"],"yoast_head":"<!-- This site is optimized with the Yoast SEO plugin v27.4 - https:\/\/yoast.com\/product\/yoast-seo-wordpress\/ -->\n<title>ACHAT DE 1 COURS DE MUSIQUE 30min -<\/title>\n<meta name=\"robots\" content=\"index, follow, max-snippet:-1, max-image-preview:large, max-video-preview:-1\" \/>\n<link rel=\"canonical\" href=\"https:\/\/ecoledelamusique.fr\/en\/achat-de-1-cours-de-musique-45min\/\" \/>\n<meta property=\"og:locale\" content=\"en_US\" \/>\n<meta property=\"og:type\" content=\"article\" \/>\n<meta property=\"og:title\" content=\"ACHAT DE 1 COURS DE MUSIQUE 30min -\" \/>\n<meta property=\"og:url\" content=\"https:\/\/ecoledelamusique.fr\/en\/achat-de-1-cours-de-musique-45min\/\" \/>\n<meta property=\"article:modified_time\" content=\"2025-07-27T10:55:57+00:00\" \/>\n<meta name=\"twitter:card\" content=\"summary_large_image\" \/>\n<script type=\"application\/ld+json\" class=\"yoast-schema-graph\">{\"@context\":\"https:\\\/\\\/schema.org\",\"@graph\":[{\"@type\":\"WebPage\",\"@id\":\"https:\\\/\\\/ecoledelamusique.fr\\\/achat-de-1-cours-de-musique-45min\\\/\",\"url\":\"https:\\\/\\\/ecoledelamusique.fr\\\/achat-de-1-cours-de-musique-45min\\\/\",\"name\":\"ACHAT DE 1 COURS DE MUSIQUE 30min -\",\"isPartOf\":{\"@id\":\"https:\\\/\\\/ecoledelamusique.fr\\\/#website\"},\"datePublished\":\"2025-06-21T18:41:02+00:00\",\"dateModified\":\"2025-07-27T10:55:57+00:00\",\"breadcrumb\":{\"@id\":\"https:\\\/\\\/ecoledelamusique.fr\\\/achat-de-1-cours-de-musique-45min\\\/#breadcrumb\"},\"inLanguage\":\"en-US\",\"potentialAction\":[{\"@type\":\"ReadAction\",\"target\":[\"https:\\\/\\\/ecoledelamusique.fr\\\/achat-de-1-cours-de-musique-45min\\\/\"]}]},{\"@type\":\"BreadcrumbList\",\"@id\":\"https:\\\/\\\/ecoledelamusique.fr\\\/achat-de-1-cours-de-musique-45min\\\/#breadcrumb\",\"itemListElement\":[{\"@type\":\"ListItem\",\"position\":1,\"name\":\"Accueil\",\"item\":\"https:\\\/\\\/ecoledelamusique.fr\\\/\"},{\"@type\":\"ListItem\",\"position\":2,\"name\":\"ACHAT DE 1 COURS DE MUSIQUE 30min\"}]},{\"@type\":\"WebSite\",\"@id\":\"https:\\\/\\\/ecoledelamusique.fr\\\/#website\",\"url\":\"https:\\\/\\\/ecoledelamusique.fr\\\/\",\"name\":\"\",\"description\":\"\",\"potentialAction\":[{\"@type\":\"SearchAction\",\"target\":{\"@type\":\"EntryPoint\",\"urlTemplate\":\"https:\\\/\\\/ecoledelamusique.fr\\\/?s={search_term_string}\"},\"query-input\":{\"@type\":\"PropertyValueSpecification\",\"valueRequired\":true,\"valueName\":\"search_term_string\"}}],\"inLanguage\":\"en-US\"}]}<\/script>\n<!-- \/ Yoast SEO plugin. -->","yoast_head_json":{"title":"ACHAT DE 1 COURS DE MUSIQUE 30min -","robots":{"index":"index","follow":"follow","max-snippet":"max-snippet:-1","max-image-preview":"max-image-preview:large","max-video-preview":"max-video-preview:-1"},"canonical":"https:\/\/ecoledelamusique.fr\/en\/achat-de-1-cours-de-musique-45min\/","og_locale":"en_US","og_type":"article","og_title":"ACHAT DE 1 COURS DE MUSIQUE 30min -","og_url":"https:\/\/ecoledelamusique.fr\/en\/achat-de-1-cours-de-musique-45min\/","article_modified_time":"2025-07-27T10:55:57+00:00","twitter_card":"summary_large_image","schema":{"@context":"https:\/\/schema.org","@graph":[{"@type":"WebPage","@id":"https:\/\/ecoledelamusique.fr\/achat-de-1-cours-de-musique-45min\/","url":"https:\/\/ecoledelamusique.fr\/achat-de-1-cours-de-musique-45min\/","name":"ACHAT DE 1 COURS DE MUSIQUE 30min -","isPartOf":{"@id":"https:\/\/ecoledelamusique.fr\/#website"},"datePublished":"2025-06-21T18:41:02+00:00","dateModified":"2025-07-27T10:55:57+00:00","breadcrumb":{"@id":"https:\/\/ecoledelamusique.fr\/achat-de-1-cours-de-musique-45min\/#breadcrumb"},"inLanguage":"en-US","potentialAction":[{"@type":"ReadAction","target":["https:\/\/ecoledelamusique.fr\/achat-de-1-cours-de-musique-45min\/"]}]},{"@type":"BreadcrumbList","@id":"https:\/\/ecoledelamusique.fr\/achat-de-1-cours-de-musique-45min\/#breadcrumb","itemListElement":[{"@type":"ListItem","position":1,"name":"Accueil","item":"https:\/\/ecoledelamusique.fr\/"},{"@type":"ListItem","position":2,"name":"ACHAT DE 1 COURS DE MUSIQUE 30min"}]},{"@type":"WebSite","@id":"https:\/\/ecoledelamusique.fr\/#website","url":"https:\/\/ecoledelamusique.fr\/","name":"","description":"","potentialAction":[{"@type":"SearchAction","target":{"@type":"EntryPoint","urlTemplate":"https:\/\/ecoledelamusique.fr\/?s={search_term_string}"},"query-input":{"@type":"PropertyValueSpecification","valueRequired":true,"valueName":"search_term_string"}}],"inLanguage":"en-US"}]}},"_links":{"self":[{"href":"https:\/\/ecoledelamusique.fr\/en\/wp-json\/wp\/v2\/pages\/4541","targetHints":{"allow":["GET"]}}],"collection":[{"href":"https:\/\/ecoledelamusique.fr\/en\/wp-json\/wp\/v2\/pages"}],"about":[{"href":"https:\/\/ecoledelamusique.fr\/en\/wp-json\/wp\/v2\/types\/page"}],"author":[{"embeddable":true,"href":"https:\/\/ecoledelamusique.fr\/en\/wp-json\/wp\/v2\/users\/3"}],"replies":[{"embeddable":true,"href":"https:\/\/ecoledelamusique.fr\/en\/wp-json\/wp\/v2\/comments?post=4541"}],"version-history":[{"count":4,"href":"https:\/\/ecoledelamusique.fr\/en\/wp-json\/wp\/v2\/pages\/4541\/revisions"}],"predecessor-version":[{"id":4839,"href":"https:\/\/ecoledelamusique.fr\/en\/wp-json\/wp\/v2\/pages\/4541\/revisions\/4839"}],"wp:attachment":[{"href":"https:\/\/ecoledelamusique.fr\/en\/wp-json\/wp\/v2\/media?parent=4541"}],"curies":[{"name":"wp","href":"https:\/\/api.w.org\/{rel}","templated":true}]}}